{"id":23,"date":"2025-12-05T17:46:55","date_gmt":"2025-12-05T14:46:55","guid":{"rendered":"https:\/\/houseanddomain.com\/?page_id=23"},"modified":"2025-12-18T15:23:05","modified_gmt":"2025-12-18T12:23:05","slug":"hakkimizda","status":"publish","type":"page","link":"https:\/\/houseanddomain.com\/index.php\/hakkimizda\/","title":{"rendered":"Hakk\u0131m\u0131zda"},"content":{"rendered":"\t\t<div data-elementor-type=\"wp-page\" data-elementor-id=\"23\" class=\"elementor elementor-23\" data-elementor-post-type=\"page\">\n\t\t\t\t<div class=\"elementor-element elementor-element-aca745f e-flex e-con-boxed e-con e-parent\" data-id=\"aca745f\" data-element_type=\"container\" data-settings=\"{&quot;background_background&quot;:&quot;classic&quot;}\">\n\t\t\t\t\t<div class=\"e-con-inner\">\n\t\t\t\t<div class=\"elementor-element elementor-element-a16b690 elementor-widget elementor-widget-heading\" data-id=\"a16b690\" data-element_type=\"widget\" data-widget_type=\"heading.default\">\n\t\t\t\t\t<h2 class=\"elementor-heading-title elementor-size-default\">\nHakk\u0131m\u0131zda<\/h2>\t\t\t\t<\/div>\n\t\t\t\t\t<\/div>\n\t\t\t\t<\/div>\n\t\t<div class=\"elementor-element elementor-element-0b9350d e-flex e-con-boxed e-con e-parent\" data-id=\"0b9350d\" data-element_type=\"container\">\n\t\t\t\t\t<div class=\"e-con-inner\">\n\t\t\t\t<div class=\"elementor-element elementor-element-e8aab65 elementor-widget elementor-widget-image\" data-id=\"e8aab65\" data-element_type=\"widget\" data-widget_type=\"image.default\">\n\t\t\t\t\t\t\t\t\t\t\t\t\t\t\t<img fetchpriority=\"high\" decoding=\"async\" width=\"800\" height=\"534\" src=\"https:\/\/houseanddomain.com\/wp-content\/uploads\/2025\/12\/man-woman-checking-construction-plan-1024x683-1.jpg\" class=\"attachment-large size-large wp-image-119\" alt=\"\" srcset=\"https:\/\/houseanddomain.com\/wp-content\/uploads\/2025\/12\/man-woman-checking-construction-plan-1024x683-1.jpg 1024w, https:\/\/houseanddomain.com\/wp-content\/uploads\/2025\/12\/man-woman-checking-construction-plan-1024x683-1-300x200.jpg 300w, https:\/\/houseanddomain.com\/wp-content\/uploads\/2025\/12\/man-woman-checking-construction-plan-1024x683-1-768x512.jpg 768w\" sizes=\"(max-width: 800px) 100vw, 800px\" \/>\t\t\t\t\t\t\t\t\t\t\t\t\t\t\t<\/div>\n\t\t\t\t<div class=\"elementor-element elementor-element-521fb8a elementor-widget elementor-widget-heading\" data-id=\"521fb8a\" data-element_type=\"widget\" data-widget_type=\"heading.default\">\n\t\t\t\t\t<h2 class=\"elementor-heading-title elementor-size-default\">House &amp; Domain Gayrimenkul<\/h2>\t\t\t\t<\/div>\n\t\t\t\t<div class=\"elementor-element elementor-element-18fa697 elementor-widget elementor-widget-text-editor\" data-id=\"18fa697\" data-element_type=\"widget\" data-widget_type=\"text-editor.default\">\n\t\t\t\t\t\t\t\t\t<p>House&amp;Domain, perakende ve ticari sekt\u00f6r\u00fcnde faaliyet g\u00f6steren firmalara kapsaml\u0131 ticari alan kiralama ve proje destek hizmetleri sunan bir \u015firkettir. Misyonumuz, m\u00fc\u015fterilerimize en iyi lokasyonlarda uygun ticari alanlar sa\u011flayarak i\u015flerini b\u00fcy\u00fctmelerine ve ba\u015far\u0131l\u0131 olmalar\u0131na yard\u0131mc\u0131 olmakt\u0131r.<\/p><p>House&amp;Domain olarak, perakende ve ticari sekt\u00f6r\u00fcnde yer alan i\u015fletmelerin ihtiya\u00e7lar\u0131na uygun \u00e7\u00f6z\u00fcmler sunmak i\u00e7in geni\u015f bir deneyime ve uzmanl\u0131\u011fa sahibiz. M\u00fc\u015fterilerimizin taleplerini dikkate alarak, onlar\u0131n i\u015f modellerine en uygun olan lokasyonlar\u0131 belirlemek ve bu lokasyonlarda ticari alanlar kiralama s\u00fcre\u00e7lerini y\u00f6netmek \u00f6ncelikli hedeflerimiz aras\u0131ndad\u0131r.<\/p><p>Ayr\u0131ca, proje destek hizmetlerimizle m\u00fc\u015fterilerimizin i\u015flerini daha da geli\u015ftirmelerine yard\u0131mc\u0131 oluyoruz. Yeni bir ma\u011faza a\u00e7\u0131l\u0131\u015f\u0131, mevcut bir ma\u011fazan\u0131n yeniden tasar\u0131m\u0131 veya geni\u015fletilmesi gibi projelerde, profesyonel ekibimiz m\u00fc\u015fterilerimize dan\u0131\u015fmanl\u0131k, tasar\u0131m ve uygulama s\u00fcre\u00e7lerinde destek sunmaktad\u0131r. M\u00fc\u015fterilerimizin taleplerine ve beklentilerine uygun \u00f6zelle\u015ftirilmi\u015f \u00e7\u00f6z\u00fcmler sunarak, onlar\u0131n ba\u015far\u0131l\u0131 olmalar\u0131n\u0131 sa\u011flamak i\u00e7in \u00e7al\u0131\u015f\u0131yoruz.<\/p><p>House&amp;Domain olarak, m\u00fc\u015fteri memnuniyetini ve i\u015f ortaklar\u0131m\u0131za de\u011fer sa\u011flamay\u0131 her zaman \u00f6n planda tutuyoruz. Yenilik\u00e7i yakla\u015f\u0131m\u0131m\u0131z, sekt\u00f6rdeki g\u00fcncel trendleri yak\u0131ndan takip etmemiz ve profesyonel ekibimizle birlikte m\u00fc\u015fterilerimize en iyi hizmeti sunmaya odaklanmam\u0131z, bizi sekt\u00f6rde \u00f6nc\u00fc bir konuma getirmi\u015ftir.<\/p><p>Bizimle \u00e7al\u0131\u015farak, perakende ve ticari i\u015fletmenizin potansiyelini maksimize etmek i\u00e7in do\u011fru ad\u0131m\u0131 atm\u0131\u015f olacaks\u0131n\u0131z. House&amp;Domain olarak, m\u00fc\u015fterilerimize kaliteli hizmet ve \u00e7\u00f6z\u00fcmler sunarak i\u015f ortaklar\u0131m\u0131zla uzun vadeli ve kar\u015f\u0131l\u0131kl\u0131 fayda sa\u011flayan ili\u015fkiler kurmay\u0131 ama\u00e7l\u0131yoruz.<\/p><p>House&amp;Domain ile i\u015fbirli\u011fi yaparak, perakende ve ticari sekt\u00f6r\u00fcndeki ba\u015far\u0131n\u0131z\u0131 art\u0131rman\u0131za yard\u0131mc\u0131 olmak i\u00e7in \u00e7al\u0131\u015f\u0131yoruz.<\/p>\t\t\t\t\t\t\t\t<\/div>\n\t\t\t\t\t<\/div>\n\t\t\t\t<\/div>\n\t\t<div class=\"elementor-element elementor-element-8f779dc e-flex e-con-boxed e-con e-parent\" data-id=\"8f779dc\" data-element_type=\"container\">\n\t\t\t\t\t<div class=\"e-con-inner\">\n\t\t<div class=\"elementor-element elementor-element-8307de9 e-con-full e-flex e-con e-child\" data-id=\"8307de9\" data-element_type=\"container\">\n\t\t\t\t<div class=\"elementor-element elementor-element-ffa5ada elementor-widget elementor-widget-counter\" data-id=\"ffa5ada\" data-element_type=\"widget\" data-widget_type=\"counter.default\">\n\t\t\t\t\t\t\t<div class=\"elementor-counter\">\n\t\t\t<div class=\"elementor-counter-title\">Y\u0131l\u0131 A\u015fk\u0131n Tecr\u00fcbe<\/div>\t\t\t<div class=\"elementor-counter-number-wrapper\">\n\t\t\t\t<span class=\"elementor-counter-number-prefix\">+<\/span>\n\t\t\t\t<span class=\"elementor-counter-number\" data-duration=\"2000\" data-to-value=\"10\" data-from-value=\"0\" data-delimiter=\",\">0<\/span>\n\t\t\t\t<span class=\"elementor-counter-number-suffix\"><\/span>\n\t\t\t<\/div>\n\t\t<\/div>\n\t\t\t\t\t\t<\/div>\n\t\t\t\t<\/div>\n\t\t<div class=\"elementor-element elementor-element-654f86d e-con-full e-flex e-con e-child\" data-id=\"654f86d\" data-element_type=\"container\">\n\t\t\t\t<div class=\"elementor-element elementor-element-493d225 elementor-widget elementor-widget-counter\" data-id=\"493d225\" data-element_type=\"widget\" data-widget_type=\"counter.default\">\n\t\t\t\t\t\t\t<div class=\"elementor-counter\">\n\t\t\t<div class=\"elementor-counter-title\">Memnuniyet<\/div>\t\t\t<div class=\"elementor-counter-number-wrapper\">\n\t\t\t\t<span class=\"elementor-counter-number-prefix\">+<\/span>\n\t\t\t\t<span class=\"elementor-counter-number\" data-duration=\"2000\" data-to-value=\"1000\" data-from-value=\"0\" data-delimiter=\",\">0<\/span>\n\t\t\t\t<span class=\"elementor-counter-number-suffix\"><\/span>\n\t\t\t<\/div>\n\t\t<\/div>\n\t\t\t\t\t\t<\/div>\n\t\t\t\t<\/div>\n\t\t<div class=\"elementor-element elementor-element-e6d72a0 e-con-full e-flex e-con e-child\" data-id=\"e6d72a0\" data-element_type=\"container\">\n\t\t\t\t<div class=\"elementor-element elementor-element-f801419 elementor-widget elementor-widget-counter\" data-id=\"f801419\" data-element_type=\"widget\" data-widget_type=\"counter.default\">\n\t\t\t\t\t\t\t<div class=\"elementor-counter\">\n\t\t\t<div class=\"elementor-counter-title\">Proje<\/div>\t\t\t<div class=\"elementor-counter-number-wrapper\">\n\t\t\t\t<span class=\"elementor-counter-number-prefix\"><\/span>\n\t\t\t\t<span class=\"elementor-counter-number\" data-duration=\"2000\" data-to-value=\"5000\" data-from-value=\"0\" data-delimiter=\",\">0<\/span>\n\t\t\t\t<span class=\"elementor-counter-number-suffix\"><\/span>\n\t\t\t<\/div>\n\t\t<\/div>\n\t\t\t\t\t\t<\/div>\n\t\t\t\t<\/div>\n\t\t\t\t\t<\/div>\n\t\t\t\t<\/div>\n\t\t<div class=\"elementor-element elementor-element-b0c9c35 e-flex e-con-boxed e-con e-parent\" data-id=\"b0c9c35\" data-element_type=\"container\">\n\t\t\t\t\t<div class=\"e-con-inner\">\n\t\t\t\t<div class=\"elementor-element elementor-element-3f57270 elementor-widget elementor-widget-heading\" data-id=\"3f57270\" data-element_type=\"widget\" data-widget_type=\"heading.default\">\n\t\t\t\t\t<h2 class=\"elementor-heading-title elementor-size-default\">Kurucumuz\n<\/h2>\t\t\t\t<\/div>\n\t\t\t\t<div class=\"elementor-element elementor-element-01d806d elementor-widget elementor-widget-image\" data-id=\"01d806d\" data-element_type=\"widget\" data-widget_type=\"image.default\">\n\t\t\t\t\t\t\t\t\t\t\t\t\t\t\t<img decoding=\"async\" width=\"288\" height=\"288\" src=\"https:\/\/houseanddomain.com\/wp-content\/uploads\/2025\/12\/profilresimyeni.jpg\" class=\"attachment-full size-full wp-image-120\" alt=\"\" srcset=\"https:\/\/houseanddomain.com\/wp-content\/uploads\/2025\/12\/profilresimyeni.jpg 288w, https:\/\/houseanddomain.com\/wp-content\/uploads\/2025\/12\/profilresimyeni-150x150.jpg 150w\" sizes=\"(max-width: 288px) 100vw, 288px\" \/>\t\t\t\t\t\t\t\t\t\t\t\t\t\t\t<\/div>\n\t\t\t\t<div class=\"elementor-element elementor-element-2a17cce elementor-widget elementor-widget-text-editor\" data-id=\"2a17cce\" data-element_type=\"widget\" data-widget_type=\"text-editor.default\">\n\t\t\t\t\t\t\t\t\t<h2 style=\"text-align: center\">D\u0130LEK AVCI<br \/>CEO &amp; Kurucu<\/h2>\t\t\t\t\t\t\t\t<\/div>\n\t\t\t\t\t<\/div>\n\t\t\t\t<\/div>\n\t\t\t\t<\/div>\n\t\t","protected":false},"excerpt":{"rendered":"<p>Hakk\u0131m\u0131zda House &amp; Domain Gayrimenkul House&amp;Domain, perakende ve ticari sekt\u00f6r\u00fcnde faaliyet g\u00f6steren firmalara kapsaml\u0131 ticari alan kiralama ve proje destek hizmetleri sunan bir \u015firkettir. Misyonumuz, m\u00fc\u015fterilerimize en iyi lokasyonlarda uygun ticari alanlar sa\u011flayarak i\u015flerini b\u00fcy\u00fctmelerine ve ba\u015far\u0131l\u0131 olmalar\u0131na yard\u0131mc\u0131 olmakt\u0131r. House&amp;Domain olarak, perakende ve ticari sekt\u00f6r\u00fcnde yer alan i\u015fletmelerin ihtiya\u00e7lar\u0131na uygun \u00e7\u00f6z\u00fcmler sunmak i\u00e7in geni\u015f [&hellip;]<\/p>\n","protected":false},"author":1,"featured_media":0,"parent":0,"menu_order":0,"comment_status":"closed","ping_status":"closed","template":"elementor_header_footer","meta":{"footnotes":""},"class_list":["post-23","page","type-page","status-publish","hentry"],"_links":{"self":[{"href":"https:\/\/houseanddomain.com\/index.php\/wp-json\/wp\/v2\/pages\/23","targetHints":{"allow":["GET"]}}],"collection":[{"href":"https:\/\/houseanddomain.com\/index.php\/wp-json\/wp\/v2\/pages"}],"about":[{"href":"https:\/\/houseanddomain.com\/index.php\/wp-json\/wp\/v2\/types\/page"}],"author":[{"embeddable":true,"href":"https:\/\/houseanddomain.com\/index.php\/wp-json\/wp\/v2\/users\/1"}],"replies":[{"embeddable":true,"href":"https:\/\/houseanddomain.com\/index.php\/wp-json\/wp\/v2\/comments?post=23"}],"version-history":[{"count":13,"href":"https:\/\/houseanddomain.com\/index.php\/wp-json\/wp\/v2\/pages\/23\/revisions"}],"predecessor-version":[{"id":158,"href":"https:\/\/houseanddomain.com\/index.php\/wp-json\/wp\/v2\/pages\/23\/revisions\/158"}],"wp:attachment":[{"href":"https:\/\/houseanddomain.com\/index.php\/wp-json\/wp\/v2\/media?parent=23"}],"curies":[{"name":"wp","href":"https:\/\/api.w.org\/{rel}","templated":true}]}}